{"id":10885,"date":"2025-01-17T16:18:32","date_gmt":"2025-01-17T13:18:32","guid":{"rendered":"https:\/\/konforist.com.tr\/kiz\/?page_id=10885"},"modified":"2025-05-05T17:04:44","modified_gmt":"2025-05-05T14:04:44","slug":"deprem-dayaniklilik-raporu","status":"publish","type":"page","link":"https:\/\/konforist.com.tr\/kiz\/deprem-dayaniklilik-raporu\/","title":{"rendered":"Deprem Dayan\u0131kl\u0131l\u0131k Raporu"},"content":{"rendered":"<section class=\"l-section wpb_row height_custom width_custom\" style=\"--site-content-width:1700px;\"><div class=\"l-section-h i-cf\"><div class=\"g-cols vc_row via_grid cols_3-2 laptops-cols_inherit tablets-cols_inherit mobiles-cols_1 valign_middle type_default reversed stacking_default\" style=\"--columns-gap:4.5vw;\"><div class=\"wpb_column vc_column_container\"><div class=\"vc_column-inner\"><div class=\"w-separator size_medium\"><\/div><div class=\"w-image us_custom_7a8b836b us_animate_this align_none\"><div class=\"w-image-h\"><img decoding=\"async\" width=\"1000\" height=\"637\" src=\"https:\/\/konforist.com.tr\/kiz\/wp-content\/uploads\/2025\/01\/deprem-dayaniklilik-raporu-1.png\" class=\"attachment-full size-full\" alt=\"\" loading=\"lazy\" srcset=\"https:\/\/konforist.com.tr\/kiz\/wp-content\/uploads\/2025\/01\/deprem-dayaniklilik-raporu-1.png 1000w, https:\/\/konforist.com.tr\/kiz\/wp-content\/uploads\/2025\/01\/deprem-dayaniklilik-raporu-1-300x191.png 300w\" sizes=\"auto, (max-width: 1000px) 100vw, 1000px\" \/><\/div><\/div><\/div><\/div><div class=\"wpb_column vc_column_container us_custom_82d22682\"><div class=\"vc_column-inner\"><div class=\"wpb_text_column us_custom_f775d79e us_animate_this\"><div class=\"wpb_wrapper\"><p>2014 Y\u0131l\u0131nda Ey\u00fcpsultan Belediyesi \u0130mar M\u00fcd\u00fcrl\u00fc\u011f\u00fc taraf\u0131ndan onaylanm\u0131\u015f projelere uygun olarak in\u015fa edilen <strong>Konforist K\u0131z \u00d6\u011frenci Yurdu<\/strong> en \u00fcst d\u00fczeyde malzeme kullanarak hem kaba hem de ince in\u015faat\u0131 tamamlanm\u0131\u015f ve kullan\u0131m izni al\u0131narak ayn\u0131 y\u0131l oturuma a\u00e7\u0131lm\u0131\u015ft\u0131r. Yap\u0131 denetim firmas\u0131 taraf\u0131ndan \u0130n\u015faat\u0131n her a\u015famas\u0131 denetlenmi\u015f ve onaylanm\u0131\u015ft\u0131r. Beton ve demir numunelerinde olmas\u0131 gereken orandan daha \u00fcst s\u0131n\u0131f malzeme kullanm\u0131\u015f oldu\u011fumuz belgelenmi\u015ftir.<\/p>\n<p>Yurtlar\u0131m\u0131z \u00c7evre \u015eehircilik ve \u0130klim De\u011fi\u015fikli\u011fi Bakanl\u0131\u011f\u0131 deprem y\u00f6netmeli\u011fi normlar\u0131na uygun yap\u0131lm\u0131\u015ft\u0131r.<\/p>\n<p>Yurtlar\u0131m\u0131z en son \u00e7\u0131kan 2018 deprem y\u00f6netmeli\u011fi \u015fartnamesindeki statik de\u011ferlere uygundur.<\/p>\n<p>\u0130n\u015faat \u00f6ncesi deprem g\u00fcvenli\u011fini \u00fcst d\u00fczeyde tutabilmek i\u00e7in Jeoloji M\u00fchendislerinden onaylanm\u0131\u015f zemin projesine ba\u011fl\u0131 olarak zemin alt\u0131 forekaz\u0131k sistemi ile zeminin \u00f6zelliklerine uygun bir temel sistemi tasarlanm\u0131\u015ft\u0131r.<\/p>\n<p>Yap\u0131n\u0131n oturdu\u011fu zemin ZC grubudur ve Jeolojik a\u00e7\u0131dan elveri\u015fli ve yap\u0131sal y\u00f6nden bina yap\u0131m\u0131na uygundur.<\/p>\n<p>\u0130n\u015faat\u0131m\u0131z 2014 y\u0131l\u0131nda yap\u0131lmas\u0131na ra\u011fmen 2024 y\u0131l\u0131nda Gen\u00e7lik ve Spor Bakanl\u0131\u011f\u0131n\u0131n t\u00fcm \u00f6\u011frenci yurtlar\u0131ndan istemi\u015f oldu\u011fu dayan\u0131kl\u0131l\u0131k testi sonucunda da en son \u00e7\u0131kan deprem y\u00f6netmeli\u011fi olan 2018 deprem y\u00f6netmeli\u011fine uygun in\u015fa edildi\u011fi ba\u011f\u0131ms\u0131z dayan\u0131kl\u0131l\u0131k tespit firmas\u0131 taraf\u0131ndan rapor edilmi\u015ftir.<\/p>\n<p>T\u00fcm misafirlerimizin huzurla ve g\u00fcvenle konaklamalar\u0131n\u0131 dileriz.<\/p>\n<\/div><\/div><div class=\"w-separator size_small\"><\/div><div class=\"w-btn-wrapper align_none\"><a class=\"w-btn us-btn-style_1 us_custom_eaca26c6 us_animate_this\" target=\"_blank\" href=\"https:\/\/konforist.com.tr\/kiz\/wp-content\/uploads\/2025\/05\/deprem-risk-raporu-kiz-2025-.pdf\"><span class=\"w-btn-label\">Deprem G\u00fcvenli\u011fi Raporu<\/span><\/a><\/div><\/div><\/div><\/div><\/div><\/section>\n","protected":false},"excerpt":{"rendered":"2014 Y\u0131l\u0131nda Ey\u00fcpsultan Belediyesi \u0130mar M\u00fcd\u00fcrl\u00fc\u011f\u00fc taraf\u0131ndan onaylanm\u0131\u015f projelere uygun olarak in\u015fa edilen Konforist K\u0131z \u00d6\u011frenci Yurdu en \u00fcst d\u00fczeyde malzeme kullanarak hem kaba hem de ince in\u015faat\u0131 tamamlanm\u0131\u015f ve kullan\u0131m izni al\u0131narak ayn\u0131 y\u0131l oturuma a\u00e7\u0131lm\u0131\u015ft\u0131r. Yap\u0131 denetim firmas\u0131 taraf\u0131ndan \u0130n\u015faat\u0131n her a\u015famas\u0131 denetlenmi\u015f ve onaylanm\u0131\u015ft\u0131r. Beton ve demir numunelerinde olmas\u0131 gereken orandan daha...","protected":false},"author":1,"featured_media":10689,"parent":0,"menu_order":0,"comment_status":"closed","ping_status":"closed","template":"","meta":{"_acf_changed":false,"footnotes":""},"class_list":["post-10885","page","type-page","status-publish","has-post-thumbnail","hentry"],"acf":[],"_links":{"self":[{"href":"https:\/\/konforist.com.tr\/kiz\/wp-json\/wp\/v2\/pages\/10885","targetHints":{"allow":["GET"]}}],"collection":[{"href":"https:\/\/konforist.com.tr\/kiz\/wp-json\/wp\/v2\/pages"}],"about":[{"href":"https:\/\/konforist.com.tr\/kiz\/wp-json\/wp\/v2\/types\/page"}],"author":[{"embeddable":true,"href":"https:\/\/konforist.com.tr\/kiz\/wp-json\/wp\/v2\/users\/1"}],"replies":[{"embeddable":true,"href":"https:\/\/konforist.com.tr\/kiz\/wp-json\/wp\/v2\/comments?post=10885"}],"version-history":[{"count":37,"href":"https:\/\/konforist.com.tr\/kiz\/wp-json\/wp\/v2\/pages\/10885\/revisions"}],"predecessor-version":[{"id":10895,"href":"https:\/\/konforist.com.tr\/kiz\/wp-json\/wp\/v2\/pages\/10885\/revisions\/10895"}],"wp:featuredmedia":[{"embeddable":true,"href":"https:\/\/konforist.com.tr\/kiz\/wp-json\/wp\/v2\/media\/10689"}],"wp:attachment":[{"href":"https:\/\/konforist.com.tr\/kiz\/wp-json\/wp\/v2\/media?parent=10885"}],"curies":[{"name":"wp","href":"https:\/\/api.w.org\/{rel}","templated":true}]}}