{"id":11023,"date":"2025-02-19T12:42:59","date_gmt":"2025-02-19T09:42:59","guid":{"rendered":"https:\/\/konforist.com.tr\/kiz\/?page_id=11023"},"modified":"2026-04-28T17:03:30","modified_gmt":"2026-04-28T14:03:30","slug":"konforistli-ne-diyor","status":"publish","type":"page","link":"https:\/\/konforist.com.tr\/kiz\/konforistli-ne-diyor\/","title":{"rendered":"Konforistli Ne Diyor?"},"content":{"rendered":"<section class=\"l-section wpb_row height_custom width_custom\" style=\"--site-content-width:1300px;\"><div class=\"l-section-h i-cf\"><div class=\"g-cols vc_row via_grid cols_1 laptops-cols_inherit tablets-cols_inherit mobiles-cols_1 valign_top type_default stacking_default\"><div class=\"wpb_column vc_column_container\"><div class=\"vc_column-inner\"><div class=\"w-separator size_small\"><\/div><div class=\"g-cols wpb_row via_grid cols_3-2 laptops-cols_inherit tablets-cols_inherit mobiles-cols_1 valign_bottom type_default reversed stacking_default\" style=\"--columns-gap:6rem;\"><div class=\"wpb_column vc_column_container\"><div class=\"vc_column-inner\"><div class=\"wpb_text_column us_custom_ee1ba808 has_text_color us_animate_this\"><div class=\"wpb_wrapper\"><p><span style=\"color: #e11f1d;\">Konforistli Olman\u0131n<\/span> Fark\u0131n\u0131 Ke\u015ffet!<\/p>\n<\/div><\/div><div class=\"w-separator size_medium\"><\/div><div class=\"wpb_text_column us_custom_65940a35 us_animate_this\"><div class=\"wpb_wrapper\"><p>\u00d6\u011frencilerimiz, Konforist&#8217;teki deneyimlerini anlat\u0131yor. Rahat, g\u00fcvenli ve keyifli bir \u00f6\u011frenci ya\u015fam\u0131 i\u00e7in neden en iyi adres oldu\u011fumuzu kendilerinden dinleyin!<\/p>\n<\/div><\/div><div class=\"w-separator size_small\"><\/div><\/div><\/div><div class=\"wpb_column vc_column_container\"><div class=\"vc_column-inner\"><div class=\"w-video us_custom_d5a93b0c us_animate_this align_none ratio_custom with_overlay has_iframe\" style=\"background-image:url(https:\/\/konforist.com.tr\/kiz\/wp-content\/uploads\/2026\/04\/maxres1.jpg);\" onclick=\"return {&quot;player_id&quot;:&quot;youtube-dbfd&quot;,&quot;player_api&quot;:&quot;\\\/\\\/www.youtube.com\\\/player_api&quot;,&quot;player_html&quot;:&quot;&lt;div id=\\&quot;youtube-dbfd\\&quot;&gt;&lt;\\\/div&gt;&lt;script&gt;\\r\\n\\t\\t\\twindow.USYTPlayers = ( window.USYTPlayers || { initYTFunctions: [], optionsYT: [], USYTInited: false } );\\r\\n\\t\\t\\twindow.USYTPlayers.optionsYT.push( {\\r\\n\\t\\t\\t\\tplayerID: \\&quot;youtube-dbfd\\&quot;,\\r\\n\\t\\t\\t\\tvideoID: \\&quot;_-1kWy4Qr6o\\&quot;,\\r\\n\\t\\t\\t\\tplayerVars: {\\&quot;autoplay\\&quot;:1,\\&quot;controls\\&quot;:1,\\&quot;origin\\&quot;:\\&quot;https:\\\\\\\/\\\\\\\/konforist.com.tr\\\\\\\/kiz\\&quot;,\\&quot;loop\\&quot;:0,\\&quot;mute\\&quot;:0,\\&quot;playlist\\&quot;:\\&quot;_-1kWy4Qr6o\\&quot;}\\r\\n\\t\\t\\t} );\\r\\n\\t\\t\\tif ( window.USYTPlayers.USYTInited === false ) {\\r\\n\\t\\t\\t\\t\\\/\\\/ Trying to override other possible WP YT API calls if our element is used\\r\\n\\t\\t\\t\\twindow.USYTPlayers.USYTInited = true;\\r\\n\\r\\n\\t\\t\\t\\twindow.onYouTubePlayerAPIReady = function() {\\r\\n\\t\\t\\t\\t\\tfor ( var i in window.USYTPlayers.optionsYT ) {\\r\\n\\t\\t\\t\\t\\t\\tvar _playerParams = window.USYTPlayers.optionsYT[ i ];\\r\\n\\t\\t\\t\\t\\t\\t$us.YTPlayers[ _playerParams.playerID ] = new YT.Player( _playerParams.playerID, {\\r\\n\\t\\t\\t\\t\\t\\t\\tvideoId: _playerParams.videoID,\\r\\n\\t\\t\\t\\t\\t\\t\\tplayerVars: _playerParams.playerVars\\r\\n\\t\\t\\t\\t\\t\\t} );\\r\\n\\t\\t\\t\\t\\t}\\r\\n\\t\\t\\t\\t}\\r\\n\\t\\t\\t}\\r\\n\\t\\t\\tif ( !!window.YT ) {\\r\\n\\t\\t\\t\\t$us.YTPlayers[\\&quot;youtube-dbfd\\&quot;] = new YT.Player( \\&quot;youtube-dbfd\\&quot;, {\\r\\n\\t\\t\\t\\t\\tvideoId: \\&quot;_-1kWy4Qr6o\\&quot;,\\r\\n\\t\\t\\t\\t\\tplayerVars: {\\&quot;autoplay\\&quot;:1,\\&quot;controls\\&quot;:1,\\&quot;origin\\&quot;:\\&quot;https:\\\\\\\/\\\\\\\/konforist.com.tr\\\\\\\/kiz\\&quot;,\\&quot;loop\\&quot;:0,\\&quot;mute\\&quot;:0,\\&quot;playlist\\&quot;:\\&quot;_-1kWy4Qr6o\\&quot;}\\r\\n\\t\\t\\t\\t} );\\r\\n\\t\\t\\t}\\r\\n\\t\\t&lt;\\\/script&gt;&quot;}\"><button class=\"w-video-play\" type=\"button\" aria-label=\"Oynat\"><span class=\"w-video-play-icon\" style=\"font-size:30px;background:var(--color-content-primary);color:#ffffff\"><\/span><\/button><div class=\"w-video-h\" style=\"padding-bottom:125%\"><\/div><\/div><\/div><\/div><\/div><\/div><\/div><\/div><\/div><\/section>\n","protected":false},"excerpt":{"rendered":"Konforistli Olman\u0131n Fark\u0131n\u0131 Ke\u015ffet! \u00d6\u011frencilerimiz, Konforist&#8217;teki deneyimlerini anlat\u0131yor. Rahat, g\u00fcvenli ve keyifli bir \u00f6\u011frenci ya\u015fam\u0131 i\u00e7in neden en iyi adres oldu\u011fumuzu kendilerinden dinleyin!","protected":false},"author":1,"featured_media":10690,"parent":0,"menu_order":0,"comment_status":"closed","ping_status":"closed","template":"","meta":{"_acf_changed":false,"footnotes":""},"class_list":["post-11023","page","type-page","status-publish","has-post-thumbnail","hentry"],"acf":[],"_links":{"self":[{"href":"https:\/\/konforist.com.tr\/kiz\/wp-json\/wp\/v2\/pages\/11023","targetHints":{"allow":["GET"]}}],"collection":[{"href":"https:\/\/konforist.com.tr\/kiz\/wp-json\/wp\/v2\/pages"}],"about":[{"href":"https:\/\/konforist.com.tr\/kiz\/wp-json\/wp\/v2\/types\/page"}],"author":[{"embeddable":true,"href":"https:\/\/konforist.com.tr\/kiz\/wp-json\/wp\/v2\/users\/1"}],"replies":[{"embeddable":true,"href":"https:\/\/konforist.com.tr\/kiz\/wp-json\/wp\/v2\/comments?post=11023"}],"version-history":[{"count":62,"href":"https:\/\/konforist.com.tr\/kiz\/wp-json\/wp\/v2\/pages\/11023\/revisions"}],"predecessor-version":[{"id":11818,"href":"https:\/\/konforist.com.tr\/kiz\/wp-json\/wp\/v2\/pages\/11023\/revisions\/11818"}],"wp:featuredmedia":[{"embeddable":true,"href":"https:\/\/konforist.com.tr\/kiz\/wp-json\/wp\/v2\/media\/10690"}],"wp:attachment":[{"href":"https:\/\/konforist.com.tr\/kiz\/wp-json\/wp\/v2\/media?parent=11023"}],"curies":[{"name":"wp","href":"https:\/\/api.w.org\/{rel}","templated":true}]}}