{"id":8921,"date":"2024-11-28T18:24:31","date_gmt":"2024-11-28T15:24:31","guid":{"rendered":"https:\/\/konforist.com.tr\/kiz\/?page_id=8921"},"modified":"2025-08-01T16:53:31","modified_gmt":"2025-08-01T13:53:31","slug":"neden-konforist","status":"publish","type":"page","link":"https:\/\/konforist.com.tr\/kiz\/neden-konforist\/","title":{"rendered":"Neden Konforist"},"content":{"rendered":"<section class=\"l-section wpb_row height_custom width_full\"><div class=\"l-section-h i-cf\"><div class=\"g-cols vc_row via_grid cols_custom laptops-cols_inherit tablets-cols_1 mobiles-cols_1 valign_middle type_default stacking_default\" style=\"--columns-gap:5vw;--custom-columns:1.5fr 1.5fr 3fr \"><div class=\"wpb_column vc_column_container\"><div class=\"vc_column-inner\"><div class=\"w-image us_custom_6c21c073 us_animate_this hide_on_mobiles style_shadow-1 has_ratio align_none\"><div class=\"w-image-h\"><div style=\"padding-bottom:150%\"><\/div><img decoding=\"async\" width=\"1000\" height=\"1500\" src=\"https:\/\/konforist.com.tr\/kiz\/wp-content\/uploads\/2019\/02\/kiz-yurdu-ic-15.jpg\" class=\"attachment-full size-full\" alt=\"\" loading=\"lazy\" \/><\/div><\/div><\/div><\/div><div class=\"wpb_column vc_column_container\"><div class=\"vc_column-inner\"><div class=\"w-image us_custom_ec019216 us_animate_this hide_on_mobiles style_shadow-1 has_ratio align_none\"><div class=\"w-image-h\"><div style=\"padding-bottom:150%\"><\/div><img decoding=\"async\" width=\"800\" height=\"800\" src=\"https:\/\/konforist.com.tr\/kiz\/wp-content\/uploads\/2024\/11\/4-kisilik-oda-kiz-4.jpg\" class=\"attachment-full size-full\" alt=\"\" loading=\"lazy\" \/><\/div><\/div><div class=\"w-image us_custom_ec019216 us_animate_this hide_on_default hide_on_laptops hide_on_tablets style_shadow-1 has_ratio align_none\"><div class=\"w-image-h\"><div style=\"padding-bottom:42.8571%\"><\/div><img decoding=\"async\" width=\"800\" height=\"800\" src=\"https:\/\/konforist.com.tr\/kiz\/wp-content\/uploads\/2024\/11\/4-kisilik-oda-kiz-4.jpg\" class=\"attachment-full size-full\" alt=\"\" loading=\"lazy\" \/><\/div><\/div><\/div><\/div><div class=\"wpb_column vc_column_container us_custom_276f984e us_animate_this\"><div class=\"vc_column-inner\"><h3 class=\"w-text us_custom_d514b380 has_text_color\"><span class=\"w-text-h\"><span class=\"w-text-value\">Motivasyon Mekan\u0131<\/span><\/span><\/h3><h5 class=\"w-text\"><span class=\"w-text-h\"><span class=\"w-text-value\">Otel konforunda ve ev s\u0131cakl\u0131\u011f\u0131nda&#8230;<\/span><\/span><\/h5><div class=\"wpb_text_column\"><div class=\"wpb_wrapper\"><p>Konforist, al\u0131\u015f\u0131lagelmi\u015f yurt kavram\u0131n\u0131 de\u011fi\u015ftiren, \u00f6zel olarak sadece \u00f6\u011frenciler d\u00fc\u015f\u00fcn\u00fclerek dizayn edilmi\u015f, ge\u00e7ici bir konaklama noktas\u0131 de\u011fil; e\u011fitim i\u00e7in tasarlanm\u0131\u015f bir motivasyon platformu ve tam donan\u0131ml\u0131 bir sosyal ya\u015fam merkezidir.<\/p>\n<p>Konforist, ev s\u0131cakl\u0131\u011f\u0131nda ve be\u015f y\u0131ld\u0131zl\u0131 otel konforunda bir ya\u015fam sunar.\u00d6\u011frencinin e\u011fitim ya\u015fam\u0131nda ba\u015far\u0131ya odaklanabilmesi i\u00e7in ihtiyac\u0131 olan her \u00fcniteyi kendisine sunan bir konaklama platformu oldu\u011fu kadar e\u011fitim d\u0131\u015f\u0131nda da kendisine ait \u00f6zg\u00fcr alanlar sunan, e\u011flence, k\u00fclt\u00fcr, sanat, spor ve sa\u011fl\u0131k alanlar\u0131 ile de sosyalle\u015fmesini destekleyici, verdi\u011fi ki\u015fisel hizmetler ile ailesinden ayr\u0131 ve uzakta ya\u015fayan bir \u00f6\u011frenci i\u00e7in hayat\u0131 kolayla\u015ft\u0131ran l\u00fcks bir ya\u015fam alan\u0131d\u0131r.<\/p>\n<\/div><\/div><\/div><\/div><\/div><\/div><\/section><section class=\"l-section wpb_row us_custom_9ad16fb4 has_text_color height_small\"><div class=\"l-section-h i-cf\"><div class=\"g-cols vc_row via_grid cols_1 laptops-cols_inherit tablets-cols_inherit mobiles-cols_1 valign_top type_default stacking_default\" style=\"--columns-gap:5rem;\"><div class=\"wpb_column vc_column_container us_custom_eaf8b124 has_text_color has_bg_color\"><div class=\"vc_column-inner\"><div class=\"w-separator size_medium\"><\/div><div class=\"g-cols wpb_row via_grid cols_2 laptops-cols_inherit tablets-cols_inherit mobiles-cols_1 valign_bottom type_default stacking_default\" style=\"--columns-gap:0px;\"><div class=\"wpb_column vc_column_container\"><div class=\"vc_column-inner\"><div class=\"w-image us_custom_073640c5 us_animate_this style_shadow-1 has_ratio align_none\"><div class=\"w-image-h\"><div style=\"padding-bottom:66.6667%\"><\/div><img decoding=\"async\" width=\"1536\" height=\"1024\" src=\"https:\/\/konforist.com.tr\/kiz\/wp-content\/uploads\/2019\/02\/kiz-yurdu-ic-20.jpg\" class=\"attachment-full size-full\" alt=\"\" loading=\"lazy\" \/><\/div><\/div><\/div><\/div><div class=\"wpb_column vc_column_container us_custom_4277dcdf us_animate_this\"><div class=\"vc_column-inner\"><div class=\"wpb_text_column us_custom_df5f4c97 has_text_color\"><div class=\"wpb_wrapper\"><h3>Detayl\u0131 Bilgi Al\u0131n<\/h3>\n<p>E\u011fitim hayat\u0131n\u0131z\u0131 destekleyecek modern bir ortam m\u0131 ar\u0131yorsunuz? Konforist K\u0131z Yurdu, rahatl\u0131k, g\u00fcvenlik ve ba\u015far\u0131y\u0131 bir araya getiriyor. Yurdumuzda, \u00f6\u011frencilerin hem ders \u00e7al\u0131\u015fabilece\u011fi hem de sosyal ihtiya\u00e7lar\u0131n\u0131 kar\u015f\u0131layabilece\u011fi \u00f6zel alanlar sunuyoruz.<\/p>\n<p>Ayr\u0131cal\u0131kl\u0131 bir yurtta ya\u015fam i\u00e7in bizimle ileti\u015fime ge\u00e7in!<\/p>\n<\/div><\/div><div class=\"w-separator size_small\"><\/div><div class=\"w-btn-wrapper align_none\"><a class=\"w-btn us-btn-style_1 us_custom_2febbc83 us_animate_this\" href=\"https:\/\/konforist.com.tr\/kiz\/iletisim\/\"><span class=\"w-btn-label\">\u0130leti\u015fime Ge\u00e7in<\/span><\/a><\/div><\/div><\/div><\/div><\/div><\/div><\/div><\/div><\/section><section class=\"l-section wpb_row height_custom width_custom\" style=\"--site-content-width:1300px;\"><div class=\"l-section-h i-cf\"><div class=\"g-cols vc_row via_grid cols_2 laptops-cols_inherit tablets-cols_1 mobiles-cols_1 valign_middle type_default stacking_default\"><div class=\"wpb_column vc_column_container\"><div class=\"vc_column-inner\"><h3 class=\"w-text us_custom_a1c6a5b6 has_text_color\"><span class=\"w-text-h\"><span class=\"w-text-value\">\u00dccretsiz Hizmetler<\/span><\/span><\/h3><div class=\"wpb_text_column\"><div class=\"wpb_wrapper\"><p style=\"text-align: right;\">Konforist, misafirlerinden a\u00e7\u0131k b\u00fcfe kahvalt\u0131 ve ak\u015fam yeme\u011fi dahil, verdi\u011fi hizmetlerden ekstra \u00fccret talep etmemekte, \u00f6\u011frenciler i\u00e7in en b\u00fcy\u00fck k\u00fclfet say\u0131lan fatura ve di\u011fer rutin resmi i\u015flem ve \u00f6demelerden korumakta, ki\u015fiyi bir \u00f6\u011frenci evinde edinemeyece\u011fi faturas\u0131zl\u0131k imkan\u0131na sahip k\u0131lmaktad\u0131r. B\u00f6ylece, \u00f6\u011frenciler kendi finansal y\u00f6netimlerini de kolayl\u0131kla yapabilmektedir.<\/p>\n<p style=\"text-align: right;\">Konforist, her \u015fey dahil konsepti ve \u00f6\u011frencilere sundu\u011fu bu \u00fccretsiz hizmetlerle, \u00f6\u011frencilerin ya\u015fam kalitesini art\u0131rmay\u0131, onlar\u0131n e\u011fitim hayatlar\u0131na daha iyi bir \u015fekilde odaklanabilmelerini sa\u011flamay\u0131 ve kendilerine daha fazla vakit ay\u0131rmalar\u0131na olanak tan\u0131may\u0131 hedeflemektedir.<\/p>\n<\/div><\/div><\/div><\/div><div class=\"wpb_column vc_column_container\"><div class=\"vc_column-inner\"><div class=\"w-image us_custom_ba870b58 us_animate_this style_shadow-1 has_ratio align_none\"><div class=\"w-image-h\"><div style=\"padding-bottom:100%\"><\/div><img decoding=\"async\" width=\"1000\" height=\"1500\" src=\"https:\/\/konforist.com.tr\/kiz\/wp-content\/uploads\/2019\/02\/kiz-yurdu-ic-13.jpg\" class=\"attachment-full size-full\" alt=\"\" loading=\"lazy\" \/><\/div><\/div><\/div><\/div><\/div><\/div><\/section>\n","protected":false},"excerpt":{"rendered":"Motivasyon Mekan\u0131Otel konforunda ve ev s\u0131cakl\u0131\u011f\u0131nda&#8230;Konforist, al\u0131\u015f\u0131lagelmi\u015f yurt kavram\u0131n\u0131 de\u011fi\u015ftiren, \u00f6zel olarak sadece \u00f6\u011frenciler d\u00fc\u015f\u00fcn\u00fclerek dizayn edilmi\u015f, ge\u00e7ici bir konaklama noktas\u0131 de\u011fil; e\u011fitim i\u00e7in tasarlanm\u0131\u015f bir motivasyon platformu ve tam donan\u0131ml\u0131 bir sosyal ya\u015fam merkezidir. Konforist, ev s\u0131cakl\u0131\u011f\u0131nda ve be\u015f y\u0131ld\u0131zl\u0131 otel konforunda bir ya\u015fam sunar.\u00d6\u011frencinin e\u011fitim ya\u015fam\u0131nda ba\u015far\u0131ya odaklanabilmesi i\u00e7in ihtiyac\u0131 olan her \u00fcniteyi...","protected":false},"author":1,"featured_media":10689,"parent":0,"menu_order":0,"comment_status":"closed","ping_status":"closed","template":"","meta":{"_acf_changed":false,"footnotes":""},"class_list":["post-8921","page","type-page","status-publish","has-post-thumbnail","hentry"],"acf":[],"_links":{"self":[{"href":"https:\/\/konforist.com.tr\/kiz\/wp-json\/wp\/v2\/pages\/8921","targetHints":{"allow":["GET"]}}],"collection":[{"href":"https:\/\/konforist.com.tr\/kiz\/wp-json\/wp\/v2\/pages"}],"about":[{"href":"https:\/\/konforist.com.tr\/kiz\/wp-json\/wp\/v2\/types\/page"}],"author":[{"embeddable":true,"href":"https:\/\/konforist.com.tr\/kiz\/wp-json\/wp\/v2\/users\/1"}],"replies":[{"embeddable":true,"href":"https:\/\/konforist.com.tr\/kiz\/wp-json\/wp\/v2\/comments?post=8921"}],"version-history":[{"count":85,"href":"https:\/\/konforist.com.tr\/kiz\/wp-json\/wp\/v2\/pages\/8921\/revisions"}],"predecessor-version":[{"id":11442,"href":"https:\/\/konforist.com.tr\/kiz\/wp-json\/wp\/v2\/pages\/8921\/revisions\/11442"}],"wp:featuredmedia":[{"embeddable":true,"href":"https:\/\/konforist.com.tr\/kiz\/wp-json\/wp\/v2\/media\/10689"}],"wp:attachment":[{"href":"https:\/\/konforist.com.tr\/kiz\/wp-json\/wp\/v2\/media?parent=8921"}],"curies":[{"name":"wp","href":"https:\/\/api.w.org\/{rel}","templated":true}]}}