{"id":8940,"date":"2024-11-29T09:42:26","date_gmt":"2024-11-29T06:42:26","guid":{"rendered":"https:\/\/konforist.com.tr\/kiz\/?page_id=8940"},"modified":"2025-07-04T10:03:18","modified_gmt":"2025-07-04T07:03:18","slug":"iletisim","status":"publish","type":"page","link":"https:\/\/konforist.com.tr\/kiz\/iletisim\/","title":{"rendered":"\u0130leti\u015fim"},"content":{"rendered":"<section class=\"l-section wpb_row height_custom\"><div class=\"l-section-h i-cf\"><div class=\"g-cols vc_row via_grid cols_2 laptops-cols_inherit tablets-cols_inherit mobiles-cols_1 valign_bottom type_default stacking_default\"><div class=\"wpb_column vc_column_container\"><div class=\"vc_column-inner\"><div class=\"g-cols wpb_row via_grid cols_2-1 laptops-cols_inherit tablets-cols_inherit mobiles-cols_1 valign_top type_default stacking_default\" style=\"--columns-gap:3rem;\"><div class=\"wpb_column vc_column_container\"><div class=\"vc_column-inner\"><h1 class=\"w-post-elm post_title us_custom_f9a1ee98 has_text_color align_center entry-title color_link_inherit\">\u0130leti\u015fim<\/h1><\/div><\/div><div class=\"wpb_column vc_column_container\"><div class=\"vc_column-inner\"><\/div><\/div><\/div><div class=\"w-separator size_small\"><\/div><div class=\"w-separator size_medium\"><\/div><div class=\"w-iconbox iconpos_left style_default color_primary align_left\"><a href=\"tel:+902122630000\" class=\"w-iconbox-link\" aria-label=\"Resepsiyon\"><div class=\"w-iconbox-icon\" style=\"font-size:22px;\"><i class=\"fas fa-phone-office\"><\/i><\/div><\/a><div class=\"w-iconbox-meta\"><p class=\"w-iconbox-title\" style=\"font-size:19px;\"><a href=\"tel:+902122630000\" class=\"w-iconbox-link\" aria-label=\"Resepsiyon\"><b>Resepsiyon<\/b><\/a><\/p><div class=\"w-iconbox-text\"><p>0 (212) 263 00 00<\/p>\n<\/div><\/div><\/div><div class=\"w-separator size_small\"><\/div><div class=\"w-iconbox iconpos_left style_default color_primary align_left\"><a href=\"tel:+905300470377\" class=\"w-iconbox-link\" aria-label=\"Yurt M\u00fcd\u00fcr\u00fc\"><div class=\"w-iconbox-icon\" style=\"font-size:22px;\"><i class=\"fas fa-phone-alt\"><\/i><\/div><\/a><div class=\"w-iconbox-meta\"><p class=\"w-iconbox-title\" style=\"font-size:19px;\"><a href=\"tel:+905300470377\" class=\"w-iconbox-link\" aria-label=\"Yurt M\u00fcd\u00fcr\u00fc\"><b>Yurt M\u00fcd\u00fcr\u00fc<\/b><\/a><\/p><div class=\"w-iconbox-text\"><p>0 (530) 047 03 77<\/p>\n<\/div><\/div><\/div><div class=\"w-separator size_small\"><\/div><div class=\"w-iconbox iconpos_left style_default color_primary align_left\"><a href=\"tel:+905395781716\" class=\"w-iconbox-link\" aria-label=\"Uluslararas\u0131 \u00d6\u011frenci Dan\u0131\u015fman\u0131\"><div class=\"w-iconbox-icon\" style=\"font-size:22px;\"><i class=\"far fa-globe\"><\/i><\/div><\/a><div class=\"w-iconbox-meta\"><p class=\"w-iconbox-title\" style=\"font-size:19px;\"><a href=\"tel:+905395781716\" class=\"w-iconbox-link\" aria-label=\"Uluslararas\u0131 \u00d6\u011frenci Dan\u0131\u015fman\u0131\"><b>Uluslararas\u0131 \u00d6\u011frenci Dan\u0131\u015fman\u0131<\/b><\/a><\/p><div class=\"w-iconbox-text\"><p>0 (539) 578 17 16<\/p>\n<\/div><\/div><\/div><div class=\"w-separator size_small\"><\/div><div class=\"w-iconbox iconpos_left style_default color_primary align_left no_text\"><a href=\"mailto:info@konforist.com.tr\" class=\"w-iconbox-link\" aria-label=\"info@konforist.com.tr\"><div class=\"w-iconbox-icon\" style=\"font-size:22px;\"><i class=\"fas fa-envelope\"><\/i><\/div><\/a><div class=\"w-iconbox-meta\"><p class=\"w-iconbox-title\" style=\"font-size:19px;\"><a href=\"mailto:info@konforist.com.tr\" class=\"w-iconbox-link\" aria-label=\"info@konforist.com.tr\"><b>info@konforist.com.tr<\/b><\/a><\/p><\/div><\/div><div class=\"w-separator size_small\"><\/div><div class=\"w-iconbox iconpos_left style_default color_primary align_left no_text\"><a target=\"_blank\" href=\"https:\/\/maps.app.goo.gl\/JpquSj8VBnjsn37o9\" class=\"w-iconbox-link\" aria-label=\"Emniyettepe Mah. Kaz\u0131m Karabekir Cad. No:25 34060 Ey\u00fcpsultan \/ \u0130stanbul\"><div class=\"w-iconbox-icon\" style=\"font-size:22px;\"><i class=\"fas fa-map-pin\"><\/i><\/div><\/a><div class=\"w-iconbox-meta\"><p class=\"w-iconbox-title\" style=\"font-size:19px;\"><a target=\"_blank\" href=\"https:\/\/maps.app.goo.gl\/JpquSj8VBnjsn37o9\" class=\"w-iconbox-link\" aria-label=\"Emniyettepe Mah. Kaz\u0131m Karabekir Cad. No:25 34060 Ey\u00fcpsultan \/ \u0130stanbul\"><b>Emniyettepe Mah. Kaz\u0131m Karabekir Cad. No:25 34060 Ey\u00fcpsultan \/ \u0130stanbul<\/b><\/a><\/p><\/div><\/div><div class=\"w-separator size_huge\"><\/div><\/div><\/div><div class=\"wpb_column vc_column_container us_custom_73ed1037 has_bg_color\"><div class=\"vc_column-inner\"><h4 class=\"w-text us_custom_6745946f has_text_color\"><span class=\"w-text-h\"><span class=\"w-text-value\">\u0130leti\u015fim Formu<\/span><\/span><\/h4><form class=\"w-form  us-field-style_1 layout_ver show_message_after_sending for_cform us_form_1\" action=\"https:\/\/konforist.com.tr\/kiz\/kiz\/wp-json\/wp\/v2\/pages\/8940\" method=\"post\"><div class=\"w-form-h\"><div class=\"w-form-row for_text required with_icon\">\r\n\t\t<div class=\"w-form-row-field\">\r\n\t\t\t\t<i class=\"far fa-user\"><\/i>\t\t<input aria-label=\"Ad Soyad\" type=\"text\" name=\"us_form_1_text_1\" value placeholder=\"Ad Soyad *\" data-required=\"true\" aria-required=\"true\"\/>\r\n\t\t\t<\/div>\r\n\t\t<div class=\"w-form-row-state\">Bu alan\u0131 doldurun<\/div>\r\n<\/div>\r\n<div class=\"w-form-row for_text required with_icon\">\r\n\t\t<div class=\"w-form-row-field\">\r\n\t\t\t\t<i class=\"far fa-phone\"><\/i>\t\t<input aria-label=\"Telefon\" type=\"text\" name=\"us_form_1_text_2\" value placeholder=\"Telefon *\" data-required=\"true\" aria-required=\"true\"\/>\r\n\t\t\t<\/div>\r\n\t\t<div class=\"w-form-row-state\">Bu alan\u0131 doldurun<\/div>\r\n<\/div>\r\n<div class=\"w-form-row for_text with_icon\">\r\n\t\t<div class=\"w-form-row-field\">\r\n\t\t\t\t<i class=\"far fa-envelope\"><\/i>\t\t<input aria-label=\"E-mail\" type=\"text\" name=\"us_form_1_text_3\" value placeholder=\"E-mail\"\/>\r\n\t\t\t<\/div>\r\n\t\t<div class=\"w-form-row-state\">Bu alan\u0131 doldurun<\/div>\r\n<\/div>\r\n<div class=\"w-form-row for_textarea with_icon\">\r\n\t\t<div class=\"w-form-row-field\">\r\n\t\t\t\t<i class=\"far fa-pencil\"><\/i>\t\t<textarea aria-label=\"Mesaj\u0131n\u0131z\" name=\"us_form_1_textarea_1\" placeholder=\"Mesaj\u0131n\u0131z\"><\/textarea>\r\n\t\t\t<\/div>\r\n\t\t<div class=\"w-form-row-state\">Bu alan\u0131 doldurun<\/div>\r\n<\/div>\r\n<div class=\"w-form-row for_captcha required\">\r\n\t<div class=\"w-form-row-label\">\r\n\t\t<span> <span>24 + 12 = ?<\/span><\/span>\r\n\t<\/div>\r\n\t<div class=\"w-form-row-field\">\r\n\t\t\t\t<input type=\"hidden\" name=\"us_form_1_captcha_1_hash\" value=\"13385ab2208fcee49e65b942ff95fe3d\" \/>\r\n\t\t\t\t<input aria-label=\"us_form_1_captcha_1\" type=\"text\" name=\"us_form_1_captcha_1\" placeholder data-required=\"true\" aria-required=\"true\"\/>\r\n\t\t\t<\/div>\r\n\t\t<div class=\"w-form-row-state\">Devam etmek i\u00e7in denklemin sonucunu girin<\/div>\r\n<\/div>\r\n<input type=\"hidden\" name=\"action\" value=\"us_ajax_cform\" \/>\r\n<input type=\"hidden\" name=\"post_id\" value=\"0\" \/>\r\n<input type=\"hidden\" name=\"form_index\" value=\"1\" \/>\r\n<div class=\"w-form-row for_submit align_none\">\r\n\t<button class=\"w-btn  us-btn-style_1\" aria-label=\"G\u00f6nder\" type=\"submit\">\r\n\t\t<span class=\"g-preloader type_1\"><\/span>\r\n\t\t\t\t<span class=\"w-btn-label\">G\u00f6nder<\/span>\r\n\t\t\t<\/button>\r\n\t<\/div>\r\n<\/div><div class=\"w-form-message\"><\/div><div class=\"w-form-json hidden\" onclick='return {&quot;ajaxurl&quot;:&quot;https:\\\/\\\/konforist.com.tr\\\/kiz\\\/wp-admin\\\/admin-ajax.php&quot;,&quot;messages&quot;:{&quot;err_empty&quot;:&quot;Bu alan\\u0131 doldurun&quot;,&quot;err_size&quot;:&quot;Dosya boyutu %s MB&#039;\\u0131 a\\u015famaz&quot;,&quot;err_extension&quot;:&quot;%s dosya t\\u00fcr\\u00fcne izin verilmiyor&quot;,&quot;err_recaptcha_keys&quot;:&quot;reCAPTCHA anahtarlar\\u0131 yanl\\u0131\\u015f&quot;}}'><\/div><\/form><\/div><\/div><\/div><\/div><\/section><section class=\"l-section wpb_row us_custom_887a049b height_small\"><div class=\"l-section-h i-cf\"><div class=\"g-cols vc_row via_grid cols_1 laptops-cols_inherit tablets-cols_1 mobiles-cols_1 valign_top type_default stacking_default\"><div class=\"wpb_column vc_column_container\"><div class=\"vc_column-inner\"><div class=\"wpb_text_column us_custom_3e21080b\"><div class=\"wpb_wrapper\"><p><iframe loading=\"lazy\" style=\"border: 0;\" src=\"https:\/\/www.google.com\/maps\/embed?pb=!1m18!1m12!1m3!1d3008.027976277439!2d28.94432287653107!3d41.068381115721046!2m3!1f0!2f0!3f0!3m2!1i1024!2i768!4f13.1!3m3!1m2!1s0x14cab1eabd8c233b%3A0x26a3b0a3648cae17!2zS29uZm9yaXN0IEvEsXogw5bEn3JlbmNpIFl1cmR1!5e0!3m2!1str!2str!4v1733815038763!5m2!1str!2str\" width=\"100%\" height=\"493\" allowfullscreen=\"allowfullscreen\"><\/iframe><\/p>\n<\/div><\/div><div class=\"w-separator us_custom_308691a7 size_medium\"><\/div><\/div><\/div><\/div><\/div><\/section>\n","protected":false},"excerpt":{"rendered":"\u0130leti\u015fimResepsiyon0 (212) 263 00 00 Yurt M\u00fcd\u00fcr\u00fc0 (530) 047 03 77 Uluslararas\u0131 \u00d6\u011frenci Dan\u0131\u015fman\u01310 (539) 578 17 16 info@konforist.com.trEmniyettepe Mah. Kaz\u0131m Karabekir Cad. No:25 34060 Ey\u00fcpsultan \/ \u0130stanbul\u0130leti\u015fim Formu Bu alan\u0131 doldurun Bu alan\u0131 doldurun Bu alan\u0131 doldurun Bu alan\u0131 doldurun 28 - 5 = ? Devam etmek i\u00e7in denklemin sonucunu girin G\u00f6nder","protected":false},"author":1,"featured_media":0,"parent":0,"menu_order":0,"comment_status":"closed","ping_status":"closed","template":"","meta":{"_acf_changed":false,"footnotes":""},"class_list":["post-8940","page","type-page","status-publish","hentry"],"acf":[],"_links":{"self":[{"href":"https:\/\/konforist.com.tr\/kiz\/wp-json\/wp\/v2\/pages\/8940","targetHints":{"allow":["GET"]}}],"collection":[{"href":"https:\/\/konforist.com.tr\/kiz\/wp-json\/wp\/v2\/pages"}],"about":[{"href":"https:\/\/konforist.com.tr\/kiz\/wp-json\/wp\/v2\/types\/page"}],"author":[{"embeddable":true,"href":"https:\/\/konforist.com.tr\/kiz\/wp-json\/wp\/v2\/users\/1"}],"replies":[{"embeddable":true,"href":"https:\/\/konforist.com.tr\/kiz\/wp-json\/wp\/v2\/comments?post=8940"}],"version-history":[{"count":47,"href":"https:\/\/konforist.com.tr\/kiz\/wp-json\/wp\/v2\/pages\/8940\/revisions"}],"predecessor-version":[{"id":11414,"href":"https:\/\/konforist.com.tr\/kiz\/wp-json\/wp\/v2\/pages\/8940\/revisions\/11414"}],"wp:attachment":[{"href":"https:\/\/konforist.com.tr\/kiz\/wp-json\/wp\/v2\/media?parent=8940"}],"curies":[{"name":"wp","href":"https:\/\/api.w.org\/{rel}","templated":true}]}}