{"id":8952,"date":"2024-11-29T10:00:39","date_gmt":"2024-11-29T07:00:39","guid":{"rendered":"https:\/\/konforist.com.tr\/kiz\/?page_id=8952"},"modified":"2025-01-08T17:18:23","modified_gmt":"2025-01-08T14:18:23","slug":"sss","status":"publish","type":"page","link":"https:\/\/konforist.com.tr\/kiz\/sss\/","title":{"rendered":"SSS"},"content":{"rendered":"<section class=\"l-section wpb_row height_custom\"><div class=\"l-section-h i-cf\"><div class=\"g-cols vc_row via_grid cols_3-2 laptops-cols_2 tablets-cols_1 mobiles-cols_1 valign_top type_default stacking_default\"><div class=\"wpb_column vc_column_container\"><div class=\"vc_column-inner\"><div class=\"w-image us_custom_4a593b65 us_animate_this has_ratio align_none\"><div class=\"w-image-h\"><div style=\"padding-bottom:23.8095%\"><\/div><img decoding=\"async\" width=\"1500\" height=\"1000\" src=\"https:\/\/konforist.com.tr\/kiz\/wp-content\/uploads\/2019\/02\/kiz-yurdu-ic-7.jpg\" class=\"attachment-full size-full\" alt=\"\" loading=\"lazy\" \/><\/div><\/div><div class=\"w-separator size_small\"><\/div><div class=\"w-tabs us_custom_d77bca1a us_animate_this style_default switch_click accordion\" style=\"--sections-title-size:18px\"><div class=\"w-tabs-sections titles-align_none icon_triangle cpos_right\"><div class=\"w-tabs-section\" id=\"sa56\"><button class=\"w-tabs-section-header with_icon\" aria-controls=\"content-sa56\" aria-expanded=\"false\"><i class=\"far fa-question-circle\"><\/i><div class=\"w-tabs-section-title\"><b>Konforist&#8217;e ba\u015fvurabilmem i\u00e7in hangi \u015fartlar gerekiyor?<\/b><\/div><div class=\"w-tabs-section-control\"><\/div><\/button><div  class=\"w-tabs-section-content\" id=\"content-sa56\"><div class=\"w-tabs-section-content-h i-cf\"><div class=\"wpb_text_column us_custom_1e0e9307\"><div class=\"wpb_wrapper\"><p>\u00dcniversite \u00f6\u011frencisi olman yeterli.<\/p>\n<\/div><\/div><\/div><\/div><\/div><div class=\"w-tabs-section\" id=\"wbd7\"><button class=\"w-tabs-section-header with_icon\" aria-controls=\"content-wbd7\" aria-expanded=\"false\"><i class=\"far fa-question-circle\"><\/i><div class=\"w-tabs-section-title\"><b>Kay\u0131t \u00fccreti d\u0131\u015f\u0131nda yan \u00f6demeler var m\u0131? Ayr\u0131ca harcamalar\u0131m olacak m\u0131?<\/b><\/div><div class=\"w-tabs-section-control\"><\/div><\/button><div  class=\"w-tabs-section-content\" id=\"content-wbd7\"><div class=\"w-tabs-section-content-h i-cf\"><div class=\"wpb_text_column us_custom_1e0e9307\"><div class=\"wpb_wrapper\"><p>Konforist oda fiyatlar\u0131na; elektrik ve su faturalar\u0131, oda \u0131s\u0131tma\/so\u011futma imkanlar\u0131, e\u011fitim destekli s\u0131n\u0131rs\u0131z internet, 2 adet spor salonu (fitness ve crossfit), sauna, cep sinemas\u0131, gentleman club (PlayStation alan\u0131), gamecenter (oyun odas\u0131), et\u00fct odas\u0131, a\u00e7\u0131k-kapal\u0131 teras (barbek\u00fc alan\u0131), hobi mutfa\u011f\u0131, \u00e7ama\u015f\u0131r\/\u00fct\u00fc odas\u0131 alanlar\u0131n\u0131n ve bu alanlarda yer alan cihazlar\u0131n kullan\u0131m\u0131 ayr\u0131ca yatak, yast\u0131k, nevresim tak\u0131mlar\u0131 ile birlikte haftada 1 g\u00fcn detayl\u0131 temizlik, 1 g\u00fcn \u00e7ar\u015faf ve nevresim de\u011fi\u015fimi, g\u00fcnl\u00fck \u00e7\u00f6p toplama, bavul odas\u0131 ve resepsiyon hizmetleri dahildir.<\/p>\n<\/div><\/div><\/div><\/div><\/div><div class=\"w-tabs-section\" id=\"cd0e\"><button class=\"w-tabs-section-header with_icon\" aria-controls=\"content-cd0e\" aria-expanded=\"false\"><i class=\"far fa-question-circle\"><\/i><div class=\"w-tabs-section-title\"><b>Konforist&#8217;e gelirken yan\u0131mda hangi e\u015fyalar\u0131m\u0131 getirebilirim?<\/b><\/div><div class=\"w-tabs-section-control\"><\/div><\/button><div  class=\"w-tabs-section-content\" id=\"content-cd0e\"><div class=\"w-tabs-section-content-h i-cf\"><div class=\"wpb_text_column us_custom_1e0e9307\"><div class=\"wpb_wrapper\"><p>\u00d6zel e\u015fyalar\u0131n\u0131, k\u0131yafetlerini ve kendine ait mutfakta kullanabilece\u011fin bir tak\u0131m e\u015fyalar\u0131n\u0131 getirebilirsin.<\/p>\n<\/div><\/div><\/div><\/div><\/div><div class=\"w-tabs-section\" id=\"be25\"><button class=\"w-tabs-section-header with_icon\" aria-controls=\"content-be25\" aria-expanded=\"false\"><i class=\"far fa-question-circle\"><\/i><div class=\"w-tabs-section-title\"><b>Odam s\u00fcrekli temizlenecek mi?<\/b><\/div><div class=\"w-tabs-section-control\"><\/div><\/button><div  class=\"w-tabs-section-content\" id=\"content-be25\"><div class=\"w-tabs-section-content-h i-cf\"><div class=\"wpb_text_column us_custom_1e0e9307\"><div class=\"wpb_wrapper\"><p>Evet. Kat g\u00f6revlileri periyodik olarak odan\u0131n temizli\u011fini yapacak.<\/p>\n<\/div><\/div><\/div><\/div><\/div><div class=\"w-tabs-section\" id=\"qf4d\"><button class=\"w-tabs-section-header with_icon\" aria-controls=\"content-qf4d\" aria-expanded=\"false\"><i class=\"far fa-question-circle\"><\/i><div class=\"w-tabs-section-title\"><b>Yemekleri nerede yiyece\u011fim?<\/b><\/div><div class=\"w-tabs-section-control\"><\/div><\/button><div  class=\"w-tabs-section-content\" id=\"content-qf4d\"><div class=\"w-tabs-section-content-h i-cf\"><div class=\"wpb_text_column us_custom_1e0e9307\"><div class=\"wpb_wrapper\"><p>Sabah kahvalt\u0131n\u0131 \u00fccretsiz olarak restoranda yiyebilirsin. \u00d6\u011fle ve ak\u015fam yemeklerin i\u00e7in restoran\u0131 kullanabilirsin.<\/p>\n<\/div><\/div><\/div><\/div><\/div><div class=\"w-tabs-section\" id=\"h06b\"><button class=\"w-tabs-section-header with_icon\" aria-controls=\"content-h06b\" aria-expanded=\"false\"><i class=\"far fa-question-circle\"><\/i><div class=\"w-tabs-section-title\"><b>Konforist&#8217;e istedi\u011fim zaman girip \u00e7\u0131kabilir miyim?<\/b><\/div><div class=\"w-tabs-section-control\"><\/div><\/button><div  class=\"w-tabs-section-content\" id=\"content-h06b\"><div class=\"w-tabs-section-content-h i-cf\"><div class=\"wpb_text_column us_custom_1e0e9307\"><div class=\"wpb_wrapper\"><p>Evet. Konforist\u2019te giri\u015f-\u00e7\u0131k\u0131\u015f saatleri esnektir.<\/p>\n<\/div><\/div><\/div><\/div><\/div><div class=\"w-tabs-section\" id=\"n191\"><button class=\"w-tabs-section-header with_icon\" aria-controls=\"content-n191\" aria-expanded=\"false\"><i class=\"far fa-question-circle\"><\/i><div class=\"w-tabs-section-title\"><b>Kamera sistemi \u00f6zg\u00fcrl\u00fc\u011f\u00fcm\u00fc k\u0131s\u0131tlar m\u0131?<\/b><\/div><div class=\"w-tabs-section-control\"><\/div><\/button><div  class=\"w-tabs-section-content\" id=\"content-n191\"><div class=\"w-tabs-section-content-h i-cf\"><div class=\"wpb_text_column us_custom_1e0e9307\"><div class=\"wpb_wrapper\"><p>Hay\u0131r. Kapal\u0131 devre kamera sistemi sadece g\u00fcvenli\u011finiz i\u00e7in ortak alanlarda bulunmaktad\u0131r.<\/p>\n<\/div><\/div><\/div><\/div><\/div><div class=\"w-tabs-section\" id=\"b29c\"><button class=\"w-tabs-section-header with_icon\" aria-controls=\"content-b29c\" aria-expanded=\"false\"><i class=\"far fa-question-circle\"><\/i><div class=\"w-tabs-section-title\"><b>Konforist\u2019e arkada\u015flar\u0131m\u0131 getirebilir miyim?<\/b><\/div><div class=\"w-tabs-section-control\"><\/div><\/button><div  class=\"w-tabs-section-content\" id=\"content-b29c\"><div class=\"w-tabs-section-content-h i-cf\"><div class=\"wpb_text_column us_custom_1e0e9307\"><div class=\"wpb_wrapper\"><p>09:00-23:00 saatleri aras\u0131nda arkada\u015flar\u0131n gelebilir. Onlar\u0131 Lobby ve giri\u015fte yer alan \u00f6n bah\u00e7ede a\u011f\u0131rlayabilirsin. Odana misafir kabul edemiyoruz.<\/p>\n<\/div><\/div><\/div><\/div><\/div><div class=\"w-tabs-section\" id=\"i3d8\"><button class=\"w-tabs-section-header with_icon\" aria-controls=\"content-i3d8\" aria-expanded=\"false\"><i class=\"far fa-question-circle\"><\/i><div class=\"w-tabs-section-title\"><b>Bir soru ve bir sorunum oldu\u011funda ba\u015fvurabilece\u011fim kimse olacak m\u0131?<\/b><\/div><div class=\"w-tabs-section-control\"><\/div><\/button><div  class=\"w-tabs-section-content\" id=\"content-i3d8\"><div class=\"w-tabs-section-content-h i-cf\"><div class=\"wpb_text_column us_custom_1e0e9307\"><div class=\"wpb_wrapper\"><p>Evet. 24 saat her t\u00fcrl\u00fc sorun ve sorununla ilgili dan\u0131\u015fmam\u0131za ba\u015fvurabilir, yard\u0131m ve destek alabilirsin.<\/p>\n<\/div><\/div><\/div><\/div><\/div><div class=\"w-tabs-section\" id=\"b4f8\"><button class=\"w-tabs-section-header with_icon\" aria-controls=\"content-b4f8\" aria-expanded=\"false\"><i class=\"far fa-question-circle\"><\/i><div class=\"w-tabs-section-title\"><b>Kay\u0131t yapt\u0131rmadan \u00f6nce gelip Konforist\u2019i g\u00f6rmem m\u00fcmk\u00fcn m\u00fc?<\/b><\/div><div class=\"w-tabs-section-control\"><\/div><\/button><div  class=\"w-tabs-section-content\" id=\"content-b4f8\"><div class=\"w-tabs-section-content-h i-cf\"><div class=\"wpb_text_column us_custom_1e0e9307\"><div class=\"wpb_wrapper\"><p>Tabii ki. \u0130stersen bize ileti\u015fim numaralar\u0131m\u0131zdan ula\u015farak randevu alabilir, istersen kendin istersen ailenle birlikte Konforist\u2019i gezebilirsin.<\/p>\n<\/div><\/div><\/div><\/div><\/div><div class=\"w-tabs-section\" id=\"r606\"><button class=\"w-tabs-section-header with_icon\" aria-controls=\"content-r606\" aria-expanded=\"false\"><i class=\"far fa-question-circle\"><\/i><div class=\"w-tabs-section-title\"><b>Evcil hayvan getirebilir miyim?<\/b><\/div><div class=\"w-tabs-section-control\"><\/div><\/button><div  class=\"w-tabs-section-content\" id=\"content-r606\"><div class=\"w-tabs-section-content-h i-cf\"><div class=\"wpb_text_column us_custom_1e0e9307\"><div class=\"wpb_wrapper\"><p>Ne yaz\u0131k ki, Konforist\u2019te evcil hayvan bar\u0131nd\u0131rmak yasakt\u0131r.<\/p>\n<\/div><\/div><\/div><\/div><\/div><div class=\"w-tabs-section\" id=\"n741\"><button class=\"w-tabs-section-header with_icon\" aria-controls=\"content-n741\" aria-expanded=\"false\"><i class=\"far fa-question-circle\"><\/i><div class=\"w-tabs-section-title\"><b>Odamda ihtiyac\u0131m olan her \u015fey var m\u0131?<\/b><\/div><div class=\"w-tabs-section-control\"><\/div><\/button><div  class=\"w-tabs-section-content\" id=\"content-n741\"><div class=\"w-tabs-section-content-h i-cf\"><div class=\"wpb_text_column us_custom_1e0e9307\"><div class=\"wpb_wrapper\"><p>Odalarda yatak, yast\u0131k, nevresim tak\u0131mlar\u0131yla birlikte, \u00e7al\u0131\u015fma masas\u0131, sandalye, gard\u0131rop, mini mutfak b\u00f6l\u00fcm\u00fc, \u00e7\u00f6p kutusu, televizyon, dahili telefon, banyo-tuvalet ve de\u011ferli e\u015fyalar i\u00e7in kilitlenebilen ki\u015fisel dolaplar vard\u0131r. Odada yaln\u0131z kalm\u0131yorsan mini buzdolab\u0131, mini mutfak b\u00f6l\u00fcm\u00fc, televizyon ve banyoyu arkada\u015f\u0131nla payla\u015fman gerekir. Havlu, bornoz, sabun, \u015fampuan, du\u015f jeli, deterjan, tuvalet ka\u011f\u0131d\u0131 vb. ki\u015fisel bak\u0131m ve temizlik \u00fcr\u00fcnlerini yan\u0131nda getirmen gerekir.<\/p>\n<\/div><\/div><\/div><\/div><\/div><div class=\"w-tabs-section\" id=\"r866\"><button class=\"w-tabs-section-header with_icon\" aria-controls=\"content-r866\" aria-expanded=\"false\"><i class=\"far fa-question-circle\"><\/i><div class=\"w-tabs-section-title\"><b>\u0130\u00e7eride sigara veya alkol kullan\u0131labilir mi?<\/b><\/div><div class=\"w-tabs-section-control\"><\/div><\/button><div  class=\"w-tabs-section-content\" id=\"content-r866\"><div class=\"w-tabs-section-content-h i-cf\"><div class=\"wpb_text_column us_custom_1e0e9307\"><div class=\"wpb_wrapper\"><p>Konforist\u2019in t\u00fcm kapal\u0131 alanlar\u0131nda sigara, alkol vb. \u00fcr\u00fcnlerin kullan\u0131m\u0131 4207 no\u2019lu yasa gere\u011fi yasakt\u0131r.<\/p>\n<\/div><\/div><\/div><\/div><\/div><\/div><\/div><\/div><\/div><div class=\"wpb_column vc_column_container type_sticky\"><div class=\"vc_column-inner\"><div class=\"w-vwrapper us_custom_b64d5db3 us_animate_this align_none valign_top\"><h3 class=\"w-text\"><span class=\"w-text-h\"><span class=\"w-text-value\">Sorular\u0131n\u0131z m\u0131 var?<\/span><\/span><\/h3><form class=\"w-form  us-field-style_1 layout_ver show_message_after_sending for_cform us_form_1\" action=\"https:\/\/konforist.com.tr\/kiz\/kiz\/wp-json\/wp\/v2\/pages\/8952\" method=\"post\"><div class=\"w-form-h\"><div class=\"w-form-row for_text required\">\r\n\t\t<div class=\"w-form-row-field\">\r\n\t\t\t\t\t\t<input aria-label=\"Ad Soyad\" type=\"text\" name=\"us_form_1_text_1\" value placeholder=\"Ad Soyad *\" data-required=\"true\" aria-required=\"true\"\/>\r\n\t\t\t<\/div>\r\n\t\t<div class=\"w-form-row-state\">Bu alan\u0131 doldurun<\/div>\r\n<\/div>\r\n<div class=\"w-form-row for_email\">\r\n\t\t<div class=\"w-form-row-field\">\r\n\t\t\t\t\t\t<input aria-label=\"Email\" type=\"email\" name=\"us_form_1_email_1\" value placeholder=\"Email\"\/>\r\n\t\t\t<\/div>\r\n\t\t<div class=\"w-form-row-state\">L\u00fctfen ge\u00e7erli bir e-posta adresi yaz\u0131n.<\/div>\r\n<\/div>\r\n<div class=\"w-form-row for_email required\">\r\n\t\t<div class=\"w-form-row-field\">\r\n\t\t\t\t\t\t<input aria-label=\"Telefon\" type=\"email\" name=\"us_form_1_email_2\" value placeholder=\"Telefon *\" data-required=\"true\" aria-required=\"true\"\/>\r\n\t\t\t<\/div>\r\n\t\t<div class=\"w-form-row-state\">L\u00fctfen ge\u00e7erli bir e-posta adresi yaz\u0131n.<\/div>\r\n<\/div>\r\n<div class=\"w-form-row for_textarea required\">\r\n\t\t<div class=\"w-form-row-field\">\r\n\t\t\t\t\t\t<textarea aria-label=\"Sorunuz...\" name=\"us_form_1_textarea_1\" placeholder=\"Sorunuz... *\" data-required=\"true\" aria-required=\"true\"><\/textarea>\r\n\t\t\t<\/div>\r\n\t\t<div class=\"w-form-row-state\">Bu alan\u0131 doldurun<\/div>\r\n<\/div>\r\n<div class=\"w-form-row for_captcha required\">\r\n\t<div class=\"w-form-row-label\">\r\n\t\t<span> <span>25 + 15 = ?<\/span><\/span>\r\n\t<\/div>\r\n\t<div class=\"w-form-row-field\">\r\n\t\t\t\t<input type=\"hidden\" name=\"us_form_1_captcha_1_hash\" value=\"21d3f5bab8a4312e4a0741f5182cb315\" \/>\r\n\t\t\t\t<input aria-label=\"us_form_1_captcha_1\" type=\"text\" name=\"us_form_1_captcha_1\" placeholder data-required=\"true\" aria-required=\"true\"\/>\r\n\t\t\t<\/div>\r\n\t\t<div class=\"w-form-row-state\">Devam etmek i\u00e7in denklemin sonucunu girin<\/div>\r\n<\/div>\r\n<input type=\"hidden\" name=\"action\" value=\"us_ajax_cform\" \/>\r\n<input type=\"hidden\" name=\"post_id\" value=\"0\" \/>\r\n<input type=\"hidden\" name=\"form_index\" value=\"1\" \/>\r\n<div class=\"w-form-row for_submit align_justify\">\r\n\t<button class=\"w-btn  us-btn-style_1\" aria-label=\"G\u00f6nder\" type=\"submit\">\r\n\t\t<span class=\"g-preloader type_1\"><\/span>\r\n\t\t\t\t<span class=\"w-btn-label\">G\u00f6nder<\/span>\r\n\t\t\t<\/button>\r\n\t<\/div>\r\n<\/div><div class=\"w-form-message\"><\/div><div class=\"w-form-json hidden\" onclick='return {&quot;ajaxurl&quot;:&quot;https:\\\/\\\/konforist.com.tr\\\/kiz\\\/wp-admin\\\/admin-ajax.php&quot;,&quot;messages&quot;:{&quot;err_empty&quot;:&quot;Bu alan\\u0131 doldurun&quot;,&quot;err_size&quot;:&quot;Dosya boyutu %s MB&#039;\\u0131 a\\u015famaz&quot;,&quot;err_extension&quot;:&quot;%s dosya t\\u00fcr\\u00fcne izin verilmiyor&quot;,&quot;err_recaptcha_keys&quot;:&quot;reCAPTCHA anahtarlar\\u0131 yanl\\u0131\\u015f&quot;}}'><\/div><\/form><\/div><\/div><\/div><\/div><\/div><\/section>\n","protected":false},"excerpt":{"rendered":"Konforist&#8217;e ba\u015fvurabilmem i\u00e7in hangi \u015fartlar gerekiyor?\u00dcniversite \u00f6\u011frencisi olman yeterli. Kay\u0131t \u00fccreti d\u0131\u015f\u0131nda yan \u00f6demeler var m\u0131? Ayr\u0131ca harcamalar\u0131m olacak m\u0131?Konforist oda fiyatlar\u0131na; elektrik ve su faturalar\u0131, oda \u0131s\u0131tma\/so\u011futma imkanlar\u0131, e\u011fitim destekli s\u0131n\u0131rs\u0131z internet, 2 adet spor salonu (fitness ve crossfit), sauna, cep sinemas\u0131, gentleman club (PlayStation alan\u0131), gamecenter (oyun odas\u0131), et\u00fct odas\u0131, a\u00e7\u0131k-kapal\u0131 teras (barbek\u00fc...","protected":false},"author":1,"featured_media":10689,"parent":0,"menu_order":0,"comment_status":"closed","ping_status":"closed","template":"","meta":{"_acf_changed":false,"footnotes":""},"class_list":["post-8952","page","type-page","status-publish","has-post-thumbnail","hentry"],"acf":[],"_links":{"self":[{"href":"https:\/\/konforist.com.tr\/kiz\/wp-json\/wp\/v2\/pages\/8952","targetHints":{"allow":["GET"]}}],"collection":[{"href":"https:\/\/konforist.com.tr\/kiz\/wp-json\/wp\/v2\/pages"}],"about":[{"href":"https:\/\/konforist.com.tr\/kiz\/wp-json\/wp\/v2\/types\/page"}],"author":[{"embeddable":true,"href":"https:\/\/konforist.com.tr\/kiz\/wp-json\/wp\/v2\/users\/1"}],"replies":[{"embeddable":true,"href":"https:\/\/konforist.com.tr\/kiz\/wp-json\/wp\/v2\/comments?post=8952"}],"version-history":[{"count":20,"href":"https:\/\/konforist.com.tr\/kiz\/wp-json\/wp\/v2\/pages\/8952\/revisions"}],"predecessor-version":[{"id":10280,"href":"https:\/\/konforist.com.tr\/kiz\/wp-json\/wp\/v2\/pages\/8952\/revisions\/10280"}],"wp:featuredmedia":[{"embeddable":true,"href":"https:\/\/konforist.com.tr\/kiz\/wp-json\/wp\/v2\/media\/10689"}],"wp:attachment":[{"href":"https:\/\/konforist.com.tr\/kiz\/wp-json\/wp\/v2\/media?parent=8952"}],"curies":[{"name":"wp","href":"https:\/\/api.w.org\/{rel}","templated":true}]}}