{"id":9015,"date":"2024-11-29T11:34:33","date_gmt":"2024-11-29T08:34:33","guid":{"rendered":"https:\/\/konforist.com.tr\/kiz\/?page_id=9015"},"modified":"2024-12-31T15:12:28","modified_gmt":"2024-12-31T12:12:28","slug":"odalar","status":"publish","type":"page","link":"https:\/\/konforist.com.tr\/kiz\/odalar\/","title":{"rendered":"Odalar"},"content":{"rendered":"<section class=\"l-section wpb_row height_small\"><div class=\"l-section-h i-cf\"><div class=\"g-cols vc_row via_grid cols_1 laptops-cols_inherit tablets-cols_inherit mobiles-cols_1 valign_top type_default stacking_default\"><div class=\"wpb_column vc_column_container\"><div class=\"vc_column-inner\"><\/div><\/div><\/div><\/div><\/section><section class=\"l-section wpb_row us_custom_3ebc8c7d height_huge\"><div class=\"l-section-h i-cf\"><div class=\"g-cols vc_row via_grid cols_2-3 laptops-cols_inherit tablets-cols_1 mobiles-cols_1 valign_top type_default stacking_default\" style=\"--columns-gap:2rem;\"><div class=\"wpb_column vc_column_container\"><div class=\"vc_column-inner\"><div class=\"w-image us_custom_6c21c073 us_animate_this style_shadow-1 has_ratio align_none\"><div class=\"w-image-h\"><div style=\"padding-bottom:75%\"><\/div><img decoding=\"async\" width=\"800\" height=\"800\" src=\"https:\/\/konforist.com.tr\/kiz\/wp-content\/uploads\/2024\/11\/4-kisilik-oda-kiz-3.jpg\" class=\"attachment-full size-full\" alt=\"\" loading=\"lazy\" \/><\/div><\/div><\/div><\/div><div class=\"wpb_column vc_column_container us_custom_efdbaa50 has_bg_color\"><div class=\"vc_column-inner\"><div class=\"wpb_text_column us_custom_ba870b58 us_animate_this\"><div class=\"wpb_wrapper\"><h3>Sizin \u0130\u00e7in En \u0130deal Konaklama Se\u00e7enekleri<\/h3>\n<p>Konforist&#8217;te, ya\u015fam tarz\u0131n\u0131za ve ihtiya\u00e7lar\u0131n\u0131za en uygun konaklama se\u00e7eneklerini sunuyoruz. Modern mimarinin zarafetiyle tasarlanm\u0131\u015f, konforlu ve i\u015flevsel odalar\u0131m\u0131z, rahatl\u0131\u011f\u0131n\u0131z i\u00e7in her detay d\u00fc\u015f\u00fcn\u00fclerek haz\u0131rlanm\u0131\u015ft\u0131r.<\/p>\n<p>\u0130ster huzurlu bir \u00e7al\u0131\u015fma ortam\u0131 aray\u0131n, ister dinlenmek i\u00e7in s\u0131cac\u0131k bir alan, odalar\u0131m\u0131z beklentilerinizi kar\u015f\u0131lamak \u00fczere tasarland\u0131. Geni\u015f ve ferah ya\u015fam alanlar\u0131, kaliteli mobilyalar ve modern olanaklarla donat\u0131lm\u0131\u015f se\u00e7eneklerimizi inceleyin. Sizin i\u00e7in en uygun olan\u0131 se\u00e7erek konforun ve \u015f\u0131kl\u0131\u011f\u0131n keyfini \u00e7\u0131kar\u0131n.<\/p>\n<\/div><\/div><div class=\"w-separator size_small\"><\/div><div class=\"w-btn-wrapper align_left\"><a class=\"w-btn us-btn-style_1 us_custom_eaca26c6 us_animate_this\" href=\"#odalarimiz\"><span class=\"w-btn-label\">Odalar\u0131m\u0131z<\/span><\/a><\/div><\/div><\/div><\/div><\/div><\/section><section class=\"l-section wpb_row height_custom\" id=\"odalarimiz\"><div class=\"l-section-h i-cf\"><div class=\"g-cols vc_row via_grid cols_1 laptops-cols_inherit tablets-cols_inherit mobiles-cols_1 valign_top type_default stacking_default\"><div class=\"wpb_column vc_column_container\"><div class=\"vc_column-inner\"><div class=\"w-grid us_grid type_grid layout_9016 cols_2 preload_style_spinner\" id=\"us_grid_1\" style=\"--columns:2;--gap:2rem;\" data-filterable=\"true\"><style>@media (max-width:600px){#us_grid_1{--columns:1!important}}.layout_9016 .w-grid-item-h{}.layout_9016 .usg_post_image_1{transition-duration:1.1s;transform-origin:50% 50%;transform:scale(1) translate(-2%,0%)}.layout_9016 .w-grid-item-h:focus-within .usg_post_image_1,.layout_9016 .w-grid-item-h:hover .usg_post_image_1{transform:scale(1) translate(0%,0%);opacity:1}.layout_9016 .usg_post_image_1{width:70%!important;box-shadow:100px 20px 0 0 var(--color-content-bg-alt)!important}.layout_9016 .usg_post_title_1{font-size:45px!important;line-height:55px!important;font-family:var(--h1-font-family)!important;font-weight:700!important}.layout_9016 .usg_vwrapper_1{width:30%!important;padding-left:4%!important;padding-top:1rem!important;padding-bottom:1rem!important}@media (min-width:1025px) and (max-width:1380px){.layout_9016 .usg_post_image_1{width:70%!important}.layout_9016 .usg_post_title_1{font-size:40px!important;line-height:55px!important;font-family:var(--h1-font-family)!important;font-weight:700!important}.layout_9016 .usg_vwrapper_1{width:30%!important;padding-left:4%!important;padding-top:1rem!important;padding-bottom:1rem!important}}@media (min-width:601px) and (max-width:1024px){.layout_9016 .usg_post_image_1{width:100%!important}.layout_9016 .usg_post_title_1{font-size:35px!important;line-height:55px!important;font-family:var(--h1-font-family)!important;font-weight:700!important}.layout_9016 .usg_vwrapper_1{width:100%!important;padding:1rem 0 0 0!important}}@media (max-width:600px){.layout_9016 .usg_post_image_1{width:100%!important}.layout_9016 .usg_post_title_1{font-size:30px!important;line-height:55px!important;font-family:var(--h1-font-family)!important;font-weight:700!important}.layout_9016 .usg_vwrapper_1{width:100%!important;padding:1rem 0 0 0!important}}<\/style><div class=\"w-grid-list\">\t<article class=\"w-grid-item size_1x1 post-9321 us_portfolio type-us_portfolio status-publish has-post-thumbnail hentry\" data-id=\"9321\">\r\n\t\t<div class=\"w-grid-item-h\">\r\n\t\t\t\t\t\t<div class=\"w-hwrapper usg_hwrapper_1 align_none valign_middle wrap\" style=\"--hwrapper-gap:0rem\"><div class=\"w-post-elm post_image usg_post_image_1 has_width has_ratio\"><a href=\"https:\/\/konforist.com.tr\/kiz\/oda\/tek-kisilik\/\" aria-label=\"Tek Ki\u015filik\"><img loading=\"lazy\" decoding=\"async\" width=\"800\" height=\"800\" src=\"https:\/\/konforist.com.tr\/kiz\/wp-content\/uploads\/2024\/12\/tek-kisilik-6.jpg\" class=\"attachment-full size-full wp-post-image\" alt=\"\" \/><\/a><div style=\"padding-bottom:100%\"><\/div><\/div><div class=\"w-vwrapper usg_vwrapper_1 align_none valign_top\"><p class=\"w-post-elm post_title usg_post_title_1 entry-title color_link_inherit\"><a href=\"https:\/\/konforist.com.tr\/kiz\/oda\/tek-kisilik\/\">Tek Ki\u015filik<\/a><\/p><\/div><\/div>\t\t<\/div>\r\n\t\t\t<\/article>\r\n\t<article class=\"w-grid-item size_1x1 post-9319 us_portfolio type-us_portfolio status-publish has-post-thumbnail hentry\" data-id=\"9319\">\r\n\t\t<div class=\"w-grid-item-h\">\r\n\t\t\t\t\t\t<div class=\"w-hwrapper usg_hwrapper_1 align_none valign_middle wrap\" style=\"--hwrapper-gap:0rem\"><div class=\"w-post-elm post_image usg_post_image_1 has_width has_ratio\"><a href=\"https:\/\/konforist.com.tr\/kiz\/oda\/iki-kisilik\/\" aria-label=\"\u0130ki Ki\u015filik\"><img loading=\"lazy\" decoding=\"async\" width=\"800\" height=\"800\" src=\"https:\/\/konforist.com.tr\/kiz\/wp-content\/uploads\/2024\/12\/iki-kisilik-oda-5.jpg\" class=\"attachment-full size-full wp-post-image\" alt=\"\" \/><\/a><div style=\"padding-bottom:100%\"><\/div><\/div><div class=\"w-vwrapper usg_vwrapper_1 align_none valign_top\"><p class=\"w-post-elm post_title usg_post_title_1 entry-title color_link_inherit\"><a href=\"https:\/\/konforist.com.tr\/kiz\/oda\/iki-kisilik\/\">\u0130ki Ki\u015filik<\/a><\/p><\/div><\/div>\t\t<\/div>\r\n\t\t\t<\/article>\r\n\t<article class=\"w-grid-item size_1x1 post-9317 us_portfolio type-us_portfolio status-publish has-post-thumbnail hentry\" data-id=\"9317\">\r\n\t\t<div class=\"w-grid-item-h\">\r\n\t\t\t\t\t\t<div class=\"w-hwrapper usg_hwrapper_1 align_none valign_middle wrap\" style=\"--hwrapper-gap:0rem\"><div class=\"w-post-elm post_image usg_post_image_1 has_width has_ratio\"><a href=\"https:\/\/konforist.com.tr\/kiz\/oda\/uc-kisilik\/\" aria-label=\"\u00dc\u00e7 Ki\u015filik\"><img loading=\"lazy\" decoding=\"async\" width=\"800\" height=\"800\" src=\"https:\/\/konforist.com.tr\/kiz\/wp-content\/uploads\/2024\/11\/uc-kisilik-oda-5.jpg\" class=\"attachment-full size-full wp-post-image\" alt=\"\" \/><\/a><div style=\"padding-bottom:100%\"><\/div><\/div><div class=\"w-vwrapper usg_vwrapper_1 align_none valign_top\"><p class=\"w-post-elm post_title usg_post_title_1 entry-title color_link_inherit\"><a href=\"https:\/\/konforist.com.tr\/kiz\/oda\/uc-kisilik\/\">\u00dc\u00e7 Ki\u015filik<\/a><\/p><\/div><\/div>\t\t<\/div>\r\n\t\t\t<\/article>\r\n\t<article class=\"w-grid-item size_1x1 post-8986 us_portfolio type-us_portfolio status-publish has-post-thumbnail hentry\" data-id=\"8986\">\r\n\t\t<div class=\"w-grid-item-h\">\r\n\t\t\t\t\t\t<div class=\"w-hwrapper usg_hwrapper_1 align_none valign_middle wrap\" style=\"--hwrapper-gap:0rem\"><div class=\"w-post-elm post_image usg_post_image_1 has_width has_ratio\"><a href=\"https:\/\/konforist.com.tr\/kiz\/oda\/dort-kisilik\/\" aria-label=\"D\u00f6rt Ki\u015filik\"><img loading=\"lazy\" decoding=\"async\" width=\"800\" height=\"800\" src=\"https:\/\/konforist.com.tr\/kiz\/wp-content\/uploads\/2024\/11\/4-kisilik-oda-kiz-3.jpg\" class=\"attachment-full size-full wp-post-image\" alt=\"\" \/><\/a><div style=\"padding-bottom:100%\"><\/div><\/div><div class=\"w-vwrapper usg_vwrapper_1 align_none valign_top\"><p class=\"w-post-elm post_title usg_post_title_1 entry-title color_link_inherit\"><a href=\"https:\/\/konforist.com.tr\/kiz\/oda\/dort-kisilik\/\">D\u00f6rt Ki\u015filik<\/a><\/p><\/div><\/div>\t\t<\/div>\r\n\t\t\t<\/article>\r\n<\/div>\t<div class=\"w-grid-preloader\">\r\n\t\t<div class=\"g-preloader type_2\">\r\n\t\t\t<div><\/div>\r\n\t\t<\/div>\r\n\t<\/div>\r\n\t\t<div class=\"w-grid-json hidden\" onclick='return {&quot;action&quot;:&quot;us_ajax_grid&quot;,&quot;infinite_scroll&quot;:0,&quot;max_num_pages&quot;:1,&quot;pagination&quot;:&quot;none&quot;,&quot;template_vars&quot;:{&quot;columns&quot;:&quot;2&quot;,&quot;exclude_items&quot;:&quot;none&quot;,&quot;img_size&quot;:&quot;default&quot;,&quot;ignore_items_size&quot;:0,&quot;items_layout&quot;:&quot;9016&quot;,&quot;items_offset&quot;:&quot;1&quot;,&quot;load_animation&quot;:&quot;none&quot;,&quot;overriding_link&quot;:&quot;%7B%22url%22%3A%22%22%7D&quot;,&quot;post_id&quot;:0,&quot;query_args&quot;:{&quot;post_type&quot;:[&quot;us_portfolio&quot;],&quot;post_status&quot;:[&quot;publish&quot;,&quot;acf-disabled&quot;],&quot;posts_per_page&quot;:&quot;10&quot;},&quot;orderby_query_args&quot;:{&quot;orderby&quot;:{&quot;date&quot;:&quot;DESC&quot;}},&quot;type&quot;:&quot;grid&quot;,&quot;us_grid_post_type&quot;:&quot;us_portfolio&quot;,&quot;us_grid_ajax_index&quot;:1,&quot;us_grid_filter_query_string&quot;:null,&quot;us_grid_index&quot;:1,&quot;page_args&quot;:[]}}'><\/div>\r\n\t<\/div><\/div><\/div><\/div><\/div><\/section>\n","protected":false},"excerpt":{"rendered":"D\u00f6rt Ki\u015filik Oda, \u00f6\u011frencilere birlikte ya\u015fama ve sosyalle\u015fme f\u0131rsat\u0131 sunar. Bu oda tipi, geni\u015f ve ferah alanlar\u0131yla \u00f6\u011frencilere konforlu bir ya\u015fam sa\u011flar. Her \u00f6\u011frenciye kendi \u00f6zel alan\u0131n\u0131 sunarken, ortak alanlar sayesinde yeni arkada\u015fl\u0131klar kurmay\u0131 ve sosyal deneyimlerinizi zenginle\u015ftirmeyi te\u015fvik eder. Modern ve fonksiyonel tasar\u0131m\u0131 ile ihtiya\u00e7 duydu\u011funuz her \u015fey elinizin alt\u0131nda.","protected":false},"author":1,"featured_media":10691,"parent":0,"menu_order":0,"comment_status":"closed","ping_status":"closed","template":"","meta":{"_acf_changed":false,"footnotes":""},"class_list":["post-9015","page","type-page","status-publish","has-post-thumbnail","hentry"],"acf":[],"_links":{"self":[{"href":"https:\/\/konforist.com.tr\/kiz\/wp-json\/wp\/v2\/pages\/9015","targetHints":{"allow":["GET"]}}],"collection":[{"href":"https:\/\/konforist.com.tr\/kiz\/wp-json\/wp\/v2\/pages"}],"about":[{"href":"https:\/\/konforist.com.tr\/kiz\/wp-json\/wp\/v2\/types\/page"}],"author":[{"embeddable":true,"href":"https:\/\/konforist.com.tr\/kiz\/wp-json\/wp\/v2\/users\/1"}],"replies":[{"embeddable":true,"href":"https:\/\/konforist.com.tr\/kiz\/wp-json\/wp\/v2\/comments?post=9015"}],"version-history":[{"count":18,"href":"https:\/\/konforist.com.tr\/kiz\/wp-json\/wp\/v2\/pages\/9015\/revisions"}],"predecessor-version":[{"id":10747,"href":"https:\/\/konforist.com.tr\/kiz\/wp-json\/wp\/v2\/pages\/9015\/revisions\/10747"}],"wp:featuredmedia":[{"embeddable":true,"href":"https:\/\/konforist.com.tr\/kiz\/wp-json\/wp\/v2\/media\/10691"}],"wp:attachment":[{"href":"https:\/\/konforist.com.tr\/kiz\/wp-json\/wp\/v2\/media?parent=9015"}],"curies":[{"name":"wp","href":"https:\/\/api.w.org\/{rel}","templated":true}]}}