{"id":9134,"date":"2024-12-02T13:41:26","date_gmt":"2024-12-02T10:41:26","guid":{"rendered":"https:\/\/konforist.com.tr\/kiz\/?page_id=9134"},"modified":"2025-01-07T11:31:52","modified_gmt":"2025-01-07T08:31:52","slug":"cerez-politikasi","status":"publish","type":"page","link":"https:\/\/konforist.com.tr\/kiz\/cerez-politikasi\/","title":{"rendered":"\u00c7erez Politikas\u0131"},"content":{"rendered":"<section class=\"l-section wpb_row height_custom\"><div class=\"l-section-h i-cf\"><div class=\"g-cols vc_row via_grid cols_1 laptops-cols_inherit tablets-cols_inherit mobiles-cols_1 valign_top type_default stacking_default\"><div class=\"wpb_column vc_column_container\"><div class=\"vc_column-inner\"><div class=\"wpb_text_column\"><div class=\"wpb_wrapper\"><ol>\n<li><strong> Giri\u015f<\/strong><\/li>\n<\/ol>\n<p>Konforist olarak, web sitemizi ziyaret eden kullan\u0131c\u0131lar\u0131m\u0131za daha iyi bir deneyim sunmak amac\u0131yla \u00e7erezler kullan\u0131yoruz. Bu \u00c7erez Politikas\u0131, \u00e7erezlerin ne oldu\u011funu, hangi t\u00fcr \u00e7erezleri kulland\u0131\u011f\u0131m\u0131z\u0131 ve bu \u00e7erezlerin nas\u0131l y\u00f6netilece\u011fini a\u00e7\u0131klamaktad\u0131r.<\/p>\n<ol start=\"2\">\n<li><strong> \u00c7erez Nedir?<\/strong><\/li>\n<\/ol>\n<p>\u00c7erezler, ziyaret etti\u011finiz web siteleri taraf\u0131ndan taray\u0131c\u0131n\u0131za g\u00f6nderilen ve cihaz\u0131n\u0131zda saklanan k\u00fc\u00e7\u00fck metin dosyalar\u0131d\u0131r. \u00c7erezler, web sitesi ziyaretleriniz hakk\u0131nda bilgi toplar ve bu bilgileri depolar. Bu bilgiler, siteyi tekrar ziyaret etti\u011finizde kullan\u0131c\u0131 deneyiminizi geli\u015ftirmek i\u00e7in kullan\u0131l\u0131r.<\/p>\n<ol start=\"3\">\n<li><strong> Hangi T\u00fcr \u00c7erezleri Kullan\u0131yoruz?<\/strong><\/li>\n<\/ol>\n<p>Web sitemizde \u00e7e\u015fitli t\u00fcrlerde \u00e7erezler kullan\u0131yoruz:<\/p>\n<ul>\n<li><strong>Zorunlu \u00c7erezler:<\/strong>\u00a0Web sitemizin d\u00fczg\u00fcn \u00e7al\u0131\u015fabilmesi i\u00e7in gerekli olan \u00e7erezlerdir. Bu \u00e7erezler, site g\u00fcvenli\u011fi ve eri\u015fim gibi temel i\u015flevleri sa\u011flar.<\/li>\n<li><strong>Performans \u00c7erezleri:<\/strong>\u00a0Ziyaret\u00e7ilerin web sitemizi nas\u0131l kulland\u0131\u011f\u0131 hakk\u0131nda bilgi toplar. Bu bilgiler, site performans\u0131n\u0131 art\u0131rmak ve kullan\u0131c\u0131 deneyimini geli\u015ftirmek i\u00e7in kullan\u0131l\u0131r.<\/li>\n<li><strong>Fonksiyonel \u00c7erezler:<\/strong>\u00a0Web sitemizdeki tercihlerinizin ve ayarlar\u0131n\u0131z\u0131n hat\u0131rlanmas\u0131n\u0131 sa\u011flar. Bu sayede siteyi tekrar ziyaret etti\u011finizde daha ki\u015fiselle\u015ftirilmi\u015f bir deneyim sunar.<\/li>\n<li><strong>Hedefleme\/ Reklam \u00c7erezleri:<\/strong>\u00a0\u0130lgi alanlar\u0131n\u0131za uygun reklamlar sunmak i\u00e7in kullan\u0131l\u0131r. Bu \u00e7erezler, reklam kampanyalar\u0131n\u0131n etkinli\u011fini \u00f6l\u00e7mek ve s\u0131n\u0131rl\u0131 say\u0131da reklam g\u00f6sterilmesini sa\u011flamak i\u00e7in de kullan\u0131labilir.<\/li>\n<\/ul>\n<ol start=\"4\">\n<li><strong> \u00c7erezlerin Y\u00f6netimi<\/strong><\/li>\n<\/ol>\n<p>Taray\u0131c\u0131 ayarlar\u0131n\u0131z\u0131 de\u011fi\u015ftirerek \u00e7erezlerin kullan\u0131lmas\u0131n\u0131 y\u00f6netebilir veya tamamen devre d\u0131\u015f\u0131 b\u0131rakabilirsiniz. Ancak, \u00e7erezlerin devre d\u0131\u015f\u0131 b\u0131rak\u0131lmas\u0131, web sitemizin baz\u0131 i\u015flevlerinin d\u00fczg\u00fcn \u00e7al\u0131\u015fmamas\u0131na neden olabilir. \u00c7erez ayarlar\u0131n\u0131 de\u011fi\u015ftirmek i\u00e7in taray\u0131c\u0131n\u0131z\u0131n yard\u0131m b\u00f6l\u00fcm\u00fcn\u00fc ziyaret edebilirsiniz.<\/p>\n<ol start=\"5\">\n<li><strong> \u00dc\u00e7\u00fcnc\u00fc Taraf \u00c7erezleri<\/strong><\/li>\n<\/ol>\n<p>Web sitemizde, \u00fc\u00e7\u00fcnc\u00fc taraf hizmet sa\u011flay\u0131c\u0131lar taraf\u0131ndan yerle\u015ftirilen \u00e7erezler de kullan\u0131labilir. Bu \u00e7erezler, \u00fc\u00e7\u00fcnc\u00fc taraflar\u0131n kendi hizmetlerini sunabilmeleri ve kullan\u0131c\u0131 davran\u0131\u015flar\u0131n\u0131 analiz edebilmeleri i\u00e7in kullan\u0131l\u0131r. \u00dc\u00e7\u00fcnc\u00fc taraf \u00e7erezleri hakk\u0131nda daha fazla bilgi almak i\u00e7in ilgili \u00fc\u00e7\u00fcnc\u00fc taraf\u0131n \u00e7erez politikalar\u0131n\u0131 inceleyebilirsiniz.<\/p>\n<ol start=\"6\">\n<li><strong> \u00c7erez Politikas\u0131 De\u011fi\u015fiklikleri<\/strong><\/li>\n<\/ol>\n<p>Bu \u00c7erez Politikas\u0131, zaman zaman g\u00fcncellenebilir. G\u00fcncellemeler, web sitemizde yay\u0131nlanarak y\u00fcr\u00fcrl\u00fc\u011fe girer. \u00c7erez politikam\u0131zdaki de\u011fi\u015fikliklerden haberdar olmak i\u00e7in bu sayfay\u0131 d\u00fczenli olarak kontrol etmenizi \u00f6neririz.<\/p>\n<ol start=\"7\">\n<li><strong> \u0130leti\u015fim<\/strong><\/li>\n<\/ol>\n<p>\u00c7erez Politikam\u0131z hakk\u0131nda sorular\u0131n\u0131z veya talepleriniz i\u00e7in bizimle ileti\u015fime ge\u00e7ebilirsiniz:<\/p>\n<p><strong>Adres:<\/strong>\u00a0Sakarya, Karakol \u00dcst\u00fc Sk. No:9, 34050 Ey\u00fcpsultan\/\u0130stanbul, T\u00fcrkiye<br \/>\n<strong>Telefon:<\/strong>\u00a00212 627 00 00<br \/>\n<strong>E-posta:<\/strong>\u00a0info@konforist.com.tr<\/p>\n<p>Konforist olarak, kullan\u0131c\u0131lar\u0131m\u0131z\u0131n gizlili\u011fine ve veri g\u00fcvenli\u011fine \u00f6nem veriyoruz. \u00c7erezler ve di\u011fer veri toplama y\u00f6ntemleri konusunda \u015feffaf olmaya ve kullan\u0131c\u0131 deneyiminizi iyile\u015ftirmek i\u00e7in gerekli \u00f6nlemleri almaya devam edece\u011fiz.<\/p>\n<\/div><\/div><\/div><\/div><\/div><\/div><\/section>\n","protected":false},"excerpt":{"rendered":"Giri\u015f Konforist olarak, web sitemizi ziyaret eden kullan\u0131c\u0131lar\u0131m\u0131za daha iyi bir deneyim sunmak amac\u0131yla \u00e7erezler kullan\u0131yoruz. Bu \u00c7erez Politikas\u0131, \u00e7erezlerin ne oldu\u011funu, hangi t\u00fcr \u00e7erezleri kulland\u0131\u011f\u0131m\u0131z\u0131 ve bu \u00e7erezlerin nas\u0131l y\u00f6netilece\u011fini a\u00e7\u0131klamaktad\u0131r. \u00c7erez Nedir? \u00c7erezler, ziyaret etti\u011finiz web siteleri taraf\u0131ndan taray\u0131c\u0131n\u0131za g\u00f6nderilen ve cihaz\u0131n\u0131zda saklanan k\u00fc\u00e7\u00fck metin dosyalar\u0131d\u0131r. \u00c7erezler, web sitesi ziyaretleriniz hakk\u0131nda bilgi toplar...","protected":false},"author":1,"featured_media":10689,"parent":0,"menu_order":0,"comment_status":"closed","ping_status":"closed","template":"","meta":{"_acf_changed":false,"footnotes":""},"class_list":["post-9134","page","type-page","status-publish","has-post-thumbnail","hentry"],"acf":[],"_links":{"self":[{"href":"https:\/\/konforist.com.tr\/kiz\/wp-json\/wp\/v2\/pages\/9134","targetHints":{"allow":["GET"]}}],"collection":[{"href":"https:\/\/konforist.com.tr\/kiz\/wp-json\/wp\/v2\/pages"}],"about":[{"href":"https:\/\/konforist.com.tr\/kiz\/wp-json\/wp\/v2\/types\/page"}],"author":[{"embeddable":true,"href":"https:\/\/konforist.com.tr\/kiz\/wp-json\/wp\/v2\/users\/1"}],"replies":[{"embeddable":true,"href":"https:\/\/konforist.com.tr\/kiz\/wp-json\/wp\/v2\/comments?post=9134"}],"version-history":[{"count":1,"href":"https:\/\/konforist.com.tr\/kiz\/wp-json\/wp\/v2\/pages\/9134\/revisions"}],"predecessor-version":[{"id":9135,"href":"https:\/\/konforist.com.tr\/kiz\/wp-json\/wp\/v2\/pages\/9134\/revisions\/9135"}],"wp:featuredmedia":[{"embeddable":true,"href":"https:\/\/konforist.com.tr\/kiz\/wp-json\/wp\/v2\/media\/10689"}],"wp:attachment":[{"href":"https:\/\/konforist.com.tr\/kiz\/wp-json\/wp\/v2\/media?parent=9134"}],"curies":[{"name":"wp","href":"https:\/\/api.w.org\/{rel}","templated":true}]}}